{"id":277,"date":"2026-04-14T13:52:17","date_gmt":"2026-04-14T11:52:17","guid":{"rendered":"https:\/\/ep-gebruikersmodellen.moonly.dev\/startseite\/"},"modified":"2026-04-21T11:00:26","modified_gmt":"2026-04-21T09:00:26","slug":"startseite","status":"publish","type":"page","link":"https:\/\/ep-gebruikersmodellen.moonly.dev\/de\/","title":{"rendered":"Startseite"},"content":{"rendered":"\n<div class=\"hero-two-images\" id=\"\" data-anchor-name=\"\">\n    <!-- Left column -->\n    <div class=\"hero-two-images_column\">\n                    <img decoding=\"async\" fetchpriority=\"high\" src=\"https:\/\/ep-gebruikersmodellen.moonly.dev\/wp-content\/uploads\/2026\/04\/europarcs-ijsselmeer.webp\"\n                alt=\"\">\n            <div class=\"hero-two-images_overlay\"><\/div>\n            <\/div>\n\n    <!-- Right column -->\n    <div class=\"hero-two-images_column hide-mobile\">\n                    <img decoding=\"async\" fetchpriority=\"high\" src=\"https:\/\/ep-gebruikersmodellen.moonly.dev\/wp-content\/uploads\/2026\/04\/europarcs-bad-hoophuizen.webp\"\n                alt=\"\">\n            <div class=\"hero-two-images_overlay\"><\/div>\n            <\/div>\n\n    <!-- Content, separate due to allow aligning with .container max-width -->\n    <div class=\"hero-two-images_content\">\n        <div class=\"container\">\n                            <div class=\"hero-two-images_text\">\n                                            <span class=\"hero-two-images_subtitle as-h4\">\n                            EuroParcs                        <\/span>\n                                                                <h1 class=\"hero-two-images_title\">\n                            Benutzer-Modelle                        <\/h1>\n                                    <\/div>\n                    <\/div>\n    <\/div>\n\n\n<\/div>\n    <section class=\"text-with-image section-bg-body \" id=\"\" data-anchor-name=\"\">\n        <div class=\"container text-image items-start md:items-center\">\n            <div class=\"text-with-image_text\">\n                                    <h2 class=\"text-with-image_title\">Gemeinsam umziehen &#8211; mit Ihnen als Eigent\u00fcmer<\/h2>\n                                                    <div class=\"text-with-image_content wysiwyg\">\n                        <p data-v-91d338a8=\"\">Gemeinsam mit Ihnen arbeiten wir an einem starken und zukunftssicheren EuroParcs. Mit klaren Vereinbarungen, gutem Service und vor allem: damit Sie Ihr Ferienhaus weiterhin mit Vertrauen und Leichtigkeit so genie\u00dfen k\u00f6nnen, wie es Ihnen am besten passt. Vielleicht m\u00f6chten Sie Ihr Ferienhaus haupts\u00e4chlich selbst nutzen oder es (teilweise) vermieten, um die Kosten zu decken oder eine Rendite zu erzielen.<\/p>\n<p data-v-91d338a8=\"\">Wir haben sechs neue Benutzermodelle entwickelt. Diese Modelle wurden in Absprache mit den Eigent\u00fcmern erstellt, in Pilotparks getestet und in den letzten sechs Monaten auf der Grundlage unserer Erfahrungen und weiterer Gespr\u00e4che mit den Eigent\u00fcmern weiter optimiert. Auch in Zukunft wird EuroParcs den Eigent\u00fcmern zuh\u00f6ren und offen f\u00fcr Feedback sein.<\/p>\n<p data-v-91d338a8=\"\">Am 8. September haben Sie alle Informationen und Ressourcen erhalten, um Ihre Wahl des Benutzermodells weiterzugeben. Wenn Sie Fragen haben, k\u00f6nnen Sie diese per E-Mail, Telefon, in einem Online-Gespr\u00e4ch oder bei einem Treffen vor Ort stellen.<\/p>\n<p data-v-91d338a8=\"\">Wir sch\u00e4tzen Ihr Engagement und freuen uns darauf, unsere Zusammenarbeit fortzusetzen und weiter zu st\u00e4rken.<\/p>\n<p data-v-91d338a8=\"\"><strong data-v-91d338a8=\"\">Andries Bruil &#8211; CEO EuroParcs<\/strong><\/p>\n                    <\/div>\n                                            <\/div>\n                            <div class=\"text-with-image_images\">\n                                            <div class=\"image image-main\">\n                            <img decoding=\"async\" src=\"https:\/\/ep-gebruikersmodellen.moonly.dev\/wp-content\/uploads\/2026\/04\/europarcs-bad-hoophuizen.webp\" alt=\"\" \/>\n                        <\/div>\n                                    <\/div>\n                    <\/div>\n    <\/section>\n\n    <section class=\"text-with-image section-bg-white \" id=\"\" data-anchor-name=\"\">\n        <div class=\"container image-text items-start md:items-center\">\n            <div class=\"text-with-image_text\">\n                                    <h2 class=\"text-with-image_title\">Einsicht und Auswahlhilfe auf dieser Website<\/h2>\n                                                    <div class=\"text-with-image_content wysiwyg\">\n                        <p data-v-91d338a8=\"\">Wir verstehen, dass die Wahl eines Benutzermodells eine wichtige Entscheidung f\u00fcr Sie ist. Daher finden Sie auf dieser Website weitere Informationen \u00fcber die Benutzermodelle, informative Animationsvideos, eine Entscheidungshilfe und Antworten auf h\u00e4ufig gestellte Fragen (FAQ).<\/p>\n<p data-v-91d338a8=\"\">Schauen Sie sich die verschiedenen Seiten an und erfahren Sie, wie die neuen Benutzermodelle funktionieren und welche Vorteile sich f\u00fcr Sie ergeben k\u00f6nnten. Ihr personalisiertes Angebot steht f\u00fcr Sie bereit, in <a href=\"https:\/\/app.bookingexperts.com\/nl\/sign_in\" data-v-91d338a8=\"\">&#8222;Meine Umgebung&#8220;<\/a> unter der Registerkarte &#8222;Daten&#8220; in Booking Experts.<\/p>\n                    <\/div>\n                                                    <div class=\"text-with-image_buttons\">\n                                                    <a href=\"https:\/\/app.bookingexperts.com\/nl\/sign_in\" target=\"_blank\" class=\"btn btn-primary\">An Buchungsexperten<\/a>                                            <\/div>\n                            <\/div>\n                            <div class=\"text-with-image_images\">\n                                            <div class=\"image image-main\" style=\"position: relative;\">\n                            <img decoding=\"async\" src=\"https:\/\/ep-gebruikersmodellen.moonly.dev\/wp-content\/uploads\/2026\/04\/europarcs-ijsselmeer.webp\" alt=\"\" \/>\n                            <div class=\"image image-secondary\">\n                                <img decoding=\"async\" src=\"https:\/\/ep-gebruikersmodellen.moonly.dev\/wp-content\/uploads\/2026\/04\/europarcs-bad-hoophuizen.webp\" alt=\"\" \/>\n                            <\/div>\n                        <\/div>\n                                    <\/div>\n                    <\/div>\n    <\/section>\n\n","protected":false},"excerpt":{"rendered":"","protected":false},"author":1,"featured_media":0,"parent":0,"menu_order":0,"comment_status":"closed","ping_status":"closed","template":"page-templates\/default-dynamic-page.php","meta":{"_acf_changed":false,"footnotes":""},"class_list":["post-277","page","type-page","status-publish","hentry"],"acf":[],"yoast_head":"<!-- This site is optimized with the Yoast SEO plugin v27.4 - https:\/\/yoast.com\/product\/yoast-seo-wordpress\/ -->\n<title>Startseite - EuroParcs Gebruikersmodellen<\/title>\n<meta name=\"robots\" content=\"noindex, follow, max-snippet:-1, max-image-preview:large, max-video-preview:-1\" \/>\n<meta property=\"og:locale\" content=\"de_DE\" \/>\n<meta property=\"og:type\" content=\"article\" \/>\n<meta property=\"og:title\" content=\"Startseite - EuroParcs Gebruikersmodellen\" \/>\n<meta property=\"og:url\" content=\"https:\/\/ep-gebruikersmodellen.moonly.dev\/de\/\" \/>\n<meta property=\"og:site_name\" content=\"EuroParcs Gebruikersmodellen\" \/>\n<meta property=\"article:modified_time\" content=\"2026-04-21T09:00:26+00:00\" \/>\n<meta name=\"twitter:card\" content=\"summary_large_image\" \/>\n<script type=\"application\/ld+json\" class=\"yoast-schema-graph\">{\"@context\":\"https:\\\/\\\/schema.org\",\"@graph\":[{\"@type\":\"WebPage\",\"@id\":\"https:\\\/\\\/ep-gebruikersmodellen.moonly.dev\\\/de\\\/\",\"url\":\"https:\\\/\\\/ep-gebruikersmodellen.moonly.dev\\\/de\\\/\",\"name\":\"Startseite - EuroParcs Gebruikersmodellen\",\"isPartOf\":{\"@id\":\"https:\\\/\\\/ep-gebruikersmodellen.moonly.dev\\\/de\\\/#website\"},\"datePublished\":\"2026-04-14T11:52:17+00:00\",\"dateModified\":\"2026-04-21T09:00:26+00:00\",\"breadcrumb\":{\"@id\":\"https:\\\/\\\/ep-gebruikersmodellen.moonly.dev\\\/de\\\/#breadcrumb\"},\"inLanguage\":\"de\",\"potentialAction\":[{\"@type\":\"ReadAction\",\"target\":[\"https:\\\/\\\/ep-gebruikersmodellen.moonly.dev\\\/de\\\/\"]}]},{\"@type\":\"BreadcrumbList\",\"@id\":\"https:\\\/\\\/ep-gebruikersmodellen.moonly.dev\\\/de\\\/#breadcrumb\",\"itemListElement\":[{\"@type\":\"ListItem\",\"position\":1,\"name\":\"Home\",\"item\":\"https:\\\/\\\/ep-gebruikersmodellen.moonly.dev\\\/de\\\/startseite\\\/\"},{\"@type\":\"ListItem\",\"position\":2,\"name\":\"Startseite\"}]},{\"@type\":\"WebSite\",\"@id\":\"https:\\\/\\\/ep-gebruikersmodellen.moonly.dev\\\/de\\\/#website\",\"url\":\"https:\\\/\\\/ep-gebruikersmodellen.moonly.dev\\\/de\\\/\",\"name\":\"EuroParcs Gebruikersmodellen\",\"description\":\"\",\"publisher\":{\"@id\":\"https:\\\/\\\/ep-gebruikersmodellen.moonly.dev\\\/de\\\/#organization\"},\"potentialAction\":[{\"@type\":\"SearchAction\",\"target\":{\"@type\":\"EntryPoint\",\"urlTemplate\":\"https:\\\/\\\/ep-gebruikersmodellen.moonly.dev\\\/de\\\/?s={search_term_string}\"},\"query-input\":{\"@type\":\"PropertyValueSpecification\",\"valueRequired\":true,\"valueName\":\"search_term_string\"}}],\"inLanguage\":\"de\"},{\"@type\":\"Organization\",\"@id\":\"https:\\\/\\\/ep-gebruikersmodellen.moonly.dev\\\/de\\\/#organization\",\"name\":\"EuroParcs Gebruikersmodellen\",\"url\":\"https:\\\/\\\/ep-gebruikersmodellen.moonly.dev\\\/de\\\/\",\"logo\":{\"@type\":\"ImageObject\",\"inLanguage\":\"de\",\"@id\":\"https:\\\/\\\/ep-gebruikersmodellen.moonly.dev\\\/de\\\/#\\\/schema\\\/logo\\\/image\\\/\",\"url\":\"https:\\\/\\\/ep-gebruikersmodellen.moonly.dev\\\/wp-content\\\/uploads\\\/2026\\\/04\\\/europarcs-logo.webp\",\"contentUrl\":\"https:\\\/\\\/ep-gebruikersmodellen.moonly.dev\\\/wp-content\\\/uploads\\\/2026\\\/04\\\/europarcs-logo.webp\",\"width\":1451,\"height\":351,\"caption\":\"EuroParcs Gebruikersmodellen\"},\"image\":{\"@id\":\"https:\\\/\\\/ep-gebruikersmodellen.moonly.dev\\\/de\\\/#\\\/schema\\\/logo\\\/image\\\/\"}}]}<\/script>\n<!-- \/ Yoast SEO plugin. -->","yoast_head_json":{"title":"Startseite - EuroParcs Gebruikersmodellen","robots":{"index":"noindex","follow":"follow","max-snippet":"max-snippet:-1","max-image-preview":"max-image-preview:large","max-video-preview":"max-video-preview:-1"},"og_locale":"de_DE","og_type":"article","og_title":"Startseite - EuroParcs Gebruikersmodellen","og_url":"https:\/\/ep-gebruikersmodellen.moonly.dev\/de\/","og_site_name":"EuroParcs Gebruikersmodellen","article_modified_time":"2026-04-21T09:00:26+00:00","twitter_card":"summary_large_image","schema":{"@context":"https:\/\/schema.org","@graph":[{"@type":"WebPage","@id":"https:\/\/ep-gebruikersmodellen.moonly.dev\/de\/","url":"https:\/\/ep-gebruikersmodellen.moonly.dev\/de\/","name":"Startseite - EuroParcs Gebruikersmodellen","isPartOf":{"@id":"https:\/\/ep-gebruikersmodellen.moonly.dev\/de\/#website"},"datePublished":"2026-04-14T11:52:17+00:00","dateModified":"2026-04-21T09:00:26+00:00","breadcrumb":{"@id":"https:\/\/ep-gebruikersmodellen.moonly.dev\/de\/#breadcrumb"},"inLanguage":"de","potentialAction":[{"@type":"ReadAction","target":["https:\/\/ep-gebruikersmodellen.moonly.dev\/de\/"]}]},{"@type":"BreadcrumbList","@id":"https:\/\/ep-gebruikersmodellen.moonly.dev\/de\/#breadcrumb","itemListElement":[{"@type":"ListItem","position":1,"name":"Home","item":"https:\/\/ep-gebruikersmodellen.moonly.dev\/de\/startseite\/"},{"@type":"ListItem","position":2,"name":"Startseite"}]},{"@type":"WebSite","@id":"https:\/\/ep-gebruikersmodellen.moonly.dev\/de\/#website","url":"https:\/\/ep-gebruikersmodellen.moonly.dev\/de\/","name":"EuroParcs Gebruikersmodellen","description":"","publisher":{"@id":"https:\/\/ep-gebruikersmodellen.moonly.dev\/de\/#organization"},"potentialAction":[{"@type":"SearchAction","target":{"@type":"EntryPoint","urlTemplate":"https:\/\/ep-gebruikersmodellen.moonly.dev\/de\/?s={search_term_string}"},"query-input":{"@type":"PropertyValueSpecification","valueRequired":true,"valueName":"search_term_string"}}],"inLanguage":"de"},{"@type":"Organization","@id":"https:\/\/ep-gebruikersmodellen.moonly.dev\/de\/#organization","name":"EuroParcs Gebruikersmodellen","url":"https:\/\/ep-gebruikersmodellen.moonly.dev\/de\/","logo":{"@type":"ImageObject","inLanguage":"de","@id":"https:\/\/ep-gebruikersmodellen.moonly.dev\/de\/#\/schema\/logo\/image\/","url":"https:\/\/ep-gebruikersmodellen.moonly.dev\/wp-content\/uploads\/2026\/04\/europarcs-logo.webp","contentUrl":"https:\/\/ep-gebruikersmodellen.moonly.dev\/wp-content\/uploads\/2026\/04\/europarcs-logo.webp","width":1451,"height":351,"caption":"EuroParcs Gebruikersmodellen"},"image":{"@id":"https:\/\/ep-gebruikersmodellen.moonly.dev\/de\/#\/schema\/logo\/image\/"}}]}},"_links":{"self":[{"href":"https:\/\/ep-gebruikersmodellen.moonly.dev\/de\/wp-json\/wp\/v2\/pages\/277","targetHints":{"allow":["GET"]}}],"collection":[{"href":"https:\/\/ep-gebruikersmodellen.moonly.dev\/de\/wp-json\/wp\/v2\/pages"}],"about":[{"href":"https:\/\/ep-gebruikersmodellen.moonly.dev\/de\/wp-json\/wp\/v2\/types\/page"}],"author":[{"embeddable":true,"href":"https:\/\/ep-gebruikersmodellen.moonly.dev\/de\/wp-json\/wp\/v2\/users\/1"}],"replies":[{"embeddable":true,"href":"https:\/\/ep-gebruikersmodellen.moonly.dev\/de\/wp-json\/wp\/v2\/comments?post=277"}],"version-history":[{"count":1,"href":"https:\/\/ep-gebruikersmodellen.moonly.dev\/de\/wp-json\/wp\/v2\/pages\/277\/revisions"}],"predecessor-version":[{"id":278,"href":"https:\/\/ep-gebruikersmodellen.moonly.dev\/de\/wp-json\/wp\/v2\/pages\/277\/revisions\/278"}],"wp:attachment":[{"href":"https:\/\/ep-gebruikersmodellen.moonly.dev\/de\/wp-json\/wp\/v2\/media?parent=277"}],"curies":[{"name":"wp","href":"https:\/\/api.w.org\/{rel}","templated":true}]}}